{"id":215,"date":"2024-03-24T11:42:06","date_gmt":"2024-03-24T09:42:06","guid":{"rendered":"https:\/\/terisoultanis.com\/?page_id=215"},"modified":"2025-11-25T12:12:48","modified_gmt":"2025-11-25T10:12:48","slug":"publications","status":"publish","type":"page","link":"https:\/\/terisoultanis.com\/index.php\/publications\/","title":{"rendered":"Publications"},"content":{"rendered":"\n<h1 class=\"wp-block-heading\"><strong>Preprints<\/strong><\/h1>\n\n\n\n<p><\/p>\n\n\n\n<p><strong>The multi-valued inverse of a quasiregular map is a quasiregular curve<\/strong>, 2025. [<a href=\"https:\/\/arxiv.org\/abs\/2511.19357\" data-type=\"link\" data-id=\"https:\/\/arxiv.org\/abs\/2511.19357\" target=\"_blank\" rel=\"noreferrer noopener\">preprint<\/a>]<\/p>\n\n\n\n<p><strong>Spaces with Riemannian curvature bounds are universally infinitesimally Hilbertian<\/strong>, with Enrico Pasqualetto and Jesus Nunez-Zimbron, 2025. [<a href=\"https:\/\/arxiv.org\/abs\/2508.05483\" data-type=\"link\" data-id=\"https:\/\/arxiv.org\/abs\/2508.05483\" target=\"_blank\" rel=\"noreferrer noopener\">preprint<\/a>]<\/p>\n\n\n\n<p><strong>Hilbert space factor of metric spaces<\/strong>, with Thomas Foertsch and Alexander Lytchak, 2025. [<a href=\"https:\/\/arxiv.org\/abs\/2503.00864\" data-type=\"link\" data-id=\"https:\/\/arxiv.org\/abs\/2503.00864\" target=\"_blank\" rel=\"noreferrer noopener\">preprint<\/a>]<\/p>\n\n\n\n<p><strong>Characterization of metric spaces with a metric fundamental class<\/strong>, with Denis Marti, 2024. [<a href=\"https:\/\/arxiv.org\/abs\/2412.15794\" data-type=\"link\" data-id=\"https:\/\/arxiv.org\/abs\/2412.15794\" target=\"_blank\" rel=\"noreferrer noopener\">preprint<\/a>]<\/p>\n\n\n\n<div class=\"wp-block-group\"><div class=\"wp-block-group__inner-container is-layout-constrained wp-block-group-is-layout-constrained\">\n<p><strong>Fragment-wise differentiable structures,&nbsp;<\/strong>with Sylvester Eriksson-Bique and David Bate<em>,&nbsp;<\/em>2024. [<a href=\"https:\/\/arxiv.org\/abs\/2402.11284\" target=\"_blank\" rel=\"noreferrer noopener\">preprint<\/a>]<\/p>\n<\/div><\/div>\n\n\n\n<h1 class=\"wp-block-heading\"><strong>Publications<\/strong><\/h1>\n\n\n\n<p><strong>Generalized products and Lorentzian length spaces<\/strong>, Elefterios Soultanis, <em>Letters in Mathematical Physics <\/em>115(1),<a href=\"https:\/\/link.springer.com\/article\/10.1007\/s11005-025-01910-7\" target=\"_blank\" rel=\"noreferrer noopener\"> article 21<\/a>, 2025.<\/p>\n\n\n\n<p><strong>Connections between metric differentiability and rectifiability<\/strong>, Iv\u00e1n Caama\u00f1o, Estibalitz Durand-Cartagena, Jes\u00fas \u00c1. Caramillo, \u00c1ngeles Prieto, Elefterios Soultanis, <em>Proceedings of the AMS <\/em><a href=\"https:\/\/www.ams.org\/journals\/proc\/0000-000-00\/S0002-9939-2025-17123-4\/?active=current\" data-type=\"link\" data-id=\"https:\/\/www.ams.org\/journals\/proc\/0000-000-00\/S0002-9939-2025-17123-4\/?active=current\" target=\"_blank\" rel=\"noreferrer noopener\">published electronically<\/a>, 2025.<\/p>\n\n\n\n<p><strong>A non-compact convex hull in generalized non-positive curvature<\/strong>, Giuliano Basso, Yannick Krifka, Elefterios Soultanis, <em>Matematische Annalen<\/em> 390(4), <a href=\"https:\/\/link.springer.com\/article\/10.1007\/s00208-024-02905-w\" data-type=\"link\" data-id=\"https:\/\/link.springer.com\/article\/10.1007\/s00208-024-02905-w\" target=\"_blank\" rel=\"noreferrer noopener\">5863\u20135882<\/a>, 2024.<\/p>\n\n\n\n<div class=\"wp-block-group\"><div class=\"wp-block-group__inner-container is-layout-constrained wp-block-group-is-layout-constrained\">\n<p><strong>Tensorization of p-weak differentiable structures,<\/strong>&nbsp;Sylvester Eriksson-Bique, Tapio Rajala, Elefterios Soultanis, <em>Journal of Functional Analysis<\/em> <a href=\"https:\/\/www.sciencedirect.com\/journal\/journal-of-functional-analysis\/vol\/287\/issue\/4\">287<\/a>(4), <a href=\"https:\/\/www.sciencedirect.com\/science\/article\/pii\/S002212362400185X\" target=\"_blank\" rel=\"noreferrer noopener\">110497<\/a>, 2024.<\/p>\n\n\n\n<p><strong>Tensorization of quasi-Hilbertian Sobolev spaces<\/strong>, Sylvester Eriksson-Bique, Tapio Rajala and Elefterios Soultanis,&nbsp;<em>Revista Matematica Iberoamericana&nbsp;<\/em>40(2),&nbsp;<a href=\"https:\/\/ems.press\/journals\/rmi\/articles\/11391673\" target=\"_blank\" rel=\"noreferrer noopener\">565\u2013580<\/a>, 2024.<\/p>\n\n\n\n<p><strong>Curvewise characterizations of minimal upper gradients and the construction of a Sobolev differential,&nbsp;<\/strong>Sylvester Eriksson-Bique and Elefterios Soultanis,&nbsp;<em>Analysis and PDE&nbsp;<\/em>17(2),&nbsp;<a href=\"https:\/\/msp.org\/apde\/2024\/17-2\/p03.xhtml\" target=\"_blank\" rel=\"noreferrer noopener\">455\u2013498<\/a>, 2024.<\/p>\n\n\n\n<p><strong>Filling minimality and Lipschitz-volume rigidity of convex bodies among integral current spaces<\/strong>, Giuliano Basso, Paul Creutz and Elefterios Soultanis,&nbsp;<em>Crelle\u2019s Journal&nbsp;<\/em>2023(805),&nbsp;<a href=\"https:\/\/www.degruyter.com\/document\/doi\/10.1515\/crelle-2023-0076\/html\" target=\"_blank\" rel=\"noreferrer noopener\">213-239<\/a>, 2023.<\/p>\n\n\n\n<p><strong>Asymptotically mean value harmonic functions in sub-Riemannian and RCD settings<\/strong>, Tomasz Adamowicz, Antoni Kijowski and Elefterios Soultanis,&nbsp;<em>Journal of Geometric Analysis<\/em>&nbsp;33,&nbsp;<a href=\"https:\/\/link.springer.com\/article\/10.1007\/s12220-022-01132-6\" target=\"_blank\" rel=\"noreferrer noopener\">article 80,<\/a><em>&nbsp;2023.<\/em><\/p>\n\n\n\n<p><strong>Causal bubbles in globally hyperbolic spacetimes,<\/strong>&nbsp;Leonardo Garc\u00eda-Heveling and Elefterios Soultanis,&nbsp;<em>General Relativity and Gravitation<\/em>&nbsp;54,&nbsp;<a href=\"https:\/\/link.springer.com\/article\/10.1007\/s10714-022-03041-z\" target=\"_blank\" rel=\"noreferrer noopener\">Article&nbsp;155<\/a>, 2022.<\/p>\n\n\n\n<p><strong>Asymptotically mean value harmonic functions in doubling metric measure spaces<\/strong>, Tomasz Adamowicz, Antoni Kijowski and Elefterios Soultanis,&nbsp;<em>Geometry and Analysis in Metric Spaces&nbsp;<\/em>10(1),&nbsp;<a href=\"https:\/\/www.degruyter.com\/document\/doi\/10.1515\/agms-2022-0143\/html\" target=\"_blank\" rel=\"noreferrer noopener\">344-372<\/a>, 2022.<\/p>\n\n\n\n<p><strong>Area minimizing surfaces in homotopy classes in metric spaces,&nbsp;<\/strong>Elefterios Soultanis and Stefan Wenger,&nbsp;<em>Transactions of the American Mathematical Society&nbsp;<\/em>375(7),&nbsp;<a href=\"https:\/\/www.ams.org\/journals\/tran\/2022-375-07\/S0002-9947-2022-08580-9\/\" target=\"_blank\" rel=\"noreferrer noopener\">4711-4739<\/a>, 2022.<\/p>\n\n\n\n<p><strong>Abstract and concrete tangent modules on Lipschitz differentiability spaces<\/strong>, Toni Ikonen,&nbsp; Enrico Pasqualetto and Elefterios Soultanis,&nbsp;<em>Proceedings of the American Mathematical Society&nbsp;<\/em>150,&nbsp;<a href=\"https:\/\/www.ams.org\/journals\/proc\/2022-150-01\/S0002-9939-2021-15656-6\/\" target=\"_blank\" rel=\"noreferrer noopener\">327-343<\/a>, 2022.<\/p>\n\n\n\n<p><strong>Path and quasihomotopy for Sobolev maps between manifolds<\/strong>, Elefterios Soultanis,&nbsp;<em>Journal of Functional Analysis<\/em>&nbsp;280(8),&nbsp;<a href=\"https:\/\/www.sciencedirect.com\/science\/article\/pii\/S0022123621000173\" target=\"_blank\" rel=\"noreferrer noopener\">Article 108935<\/a>, 2021.<\/p>\n\n\n\n<p><strong>Infinitesimal&nbsp; hilbertianity of locally CAT(k)-spaces<\/strong>, Simone Di Marino, Nicola Gigli, Enrico Pasqualetto and Elefterios Soultanis,&nbsp;<em>Journal of Geometric Analysis&nbsp;<\/em>31,&nbsp;<a href=\"https:\/\/link.springer.com\/article\/10.1007\/s12220-020-00543-7\" target=\"_blank\" rel=\"noreferrer noopener\">7621 \u2013 7685<\/a>, 2021.<\/p>\n\n\n\n<p><strong>Maximal metric discs and the Sobolev-to-Lipschitz property<\/strong>, Paul Creutz and Elefterios Soultanis,&nbsp;<em>Calculus of Variations and Partial Differential Equations&nbsp;<\/em>59,&nbsp;<a href=\"https:\/\/link.springer.com\/article\/10.1007\/s00526-020-01843-0\" target=\"_blank\" rel=\"noreferrer noopener\">Article 177<\/a>, 2020.<\/p>\n\n\n\n<p><strong>Pull-back of metric currents and homological boundedness of BLD-elliptic spaces<\/strong>, Pekka Pankka and Elefterios Soultanis,&nbsp;<em>Analysis and Geometry in Metric Spaces<\/em>&nbsp;7(1),&nbsp;<a href=\"https:\/\/www.degruyter.com\/view\/journals\/agms\/7\/1\/article-p212.xml?tab_body=pdf-78589\" target=\"_blank\" rel=\"noreferrer noopener\">212 \u2013 249<\/a>, 2019.<\/p>\n\n\n\n<p><strong>Metric currents and polylipschitz forms<\/strong>,&nbsp; Pekka Pankka and Elefterios Soultanis,&nbsp;<em>Calculus of Variations and Partial Differential Equations<\/em>&nbsp;59,&nbsp;<a href=\"https:\/\/link.springer.com\/article\/10.1007\/s00526-020-01741-5\" target=\"_blank\" rel=\"noreferrer noopener\">Article 76<\/a>, 2020.<\/p>\n\n\n\n<p><strong>Differential of metric valued Sobolev maps<\/strong>, Nicola Gigli, Enrico Pasqualetto, Elefterios Soultanis,&nbsp;&nbsp;<em>Journal of Functional Analysis<\/em>&nbsp;278(9),&nbsp;<a href=\"https:\/\/www.sciencedirect.com\/science\/article\/abs\/pii\/S0022123619303970\" target=\"_blank\" rel=\"noreferrer noopener\">Article 108403<\/a>, 2020.<\/p>\n\n\n\n<p><strong>Existence of p-energy minimizers in homotopy classes and lifts of Newtonian maps<\/strong>, Elefterios Soultanis,&nbsp;<em>Journal d\u2019Analyse Mathematique<\/em>&nbsp;137(2),&nbsp;<a href=\"https:\/\/link.springer.com\/article\/10.1007\/s11854-019-0001-2\" target=\"_blank\" rel=\"noreferrer noopener\">469 \u2013 505<\/a>,&nbsp; 2019.<\/p>\n\n\n\n<p><strong>Homotopy classes of Newtonian spaces<\/strong>, Elefterios Soultanis,&nbsp;<em>Revista Matematica Iberoamecana<\/em>&nbsp;33(3),&nbsp;<a href=\"https:\/\/www.ems-ph.org\/journals\/show_abstract.php?issn=0213-2230&amp;vol=33&amp;iss=3&amp;rank=7&amp;p403=1\" target=\"_blank\" rel=\"noreferrer noopener\">951 \u2013 994<\/a>, 2017.<\/p>\n\n\n\n<p><strong>Distortion of quasiconformal maps in terms of the quasihyperbolic metric<\/strong>, Elefterios Soultanis and Marshall Williams,&nbsp;<em>Journal of Mathematical Analysis and&nbsp; Applications<\/em>&nbsp;402(2),&nbsp;<a href=\"https:\/\/www.sciencedirect.com\/science\/article\/pii\/S0022247X13000802\" target=\"_blank\" rel=\"noreferrer noopener\">626 \u2013 634<\/a>, 2013.<\/p>\n<\/div><\/div>\n","protected":false},"excerpt":{"rendered":"<p>Preprints The multi-valued inverse of a quasiregular map is a quasiregular curve, 2025. [preprint] Spaces with Riemannian curvature bounds are universally infinitesimally Hilbertian, with Enrico Pasqualetto and Jesus Nunez-Zimbron, 2025. [preprint] Hilbert space factor of metric spaces, with Thomas Foertsch and Alexander Lytchak, 2025. [preprint] Characterization of metric spaces with a metric fundamental class, with &hellip; <\/p>\n<p class=\"link-more\"><a href=\"https:\/\/terisoultanis.com\/index.php\/publications\/\" class=\"more-link\">Continue reading<span class=\"screen-reader-text\"> &#8220;Publications&#8221;<\/span><\/a><\/p>\n","protected":false},"author":1,"featured_media":0,"parent":0,"menu_order":0,"comment_status":"closed","ping_status":"closed","template":"","meta":{"footnotes":""},"class_list":["post-215","page","type-page","status-publish","hentry"],"_links":{"self":[{"href":"https:\/\/terisoultanis.com\/index.php\/wp-json\/wp\/v2\/pages\/215","targetHints":{"allow":["GET"]}}],"collection":[{"href":"https:\/\/terisoultanis.com\/index.php\/wp-json\/wp\/v2\/pages"}],"about":[{"href":"https:\/\/terisoultanis.com\/index.php\/wp-json\/wp\/v2\/types\/page"}],"author":[{"embeddable":true,"href":"https:\/\/terisoultanis.com\/index.php\/wp-json\/wp\/v2\/users\/1"}],"replies":[{"embeddable":true,"href":"https:\/\/terisoultanis.com\/index.php\/wp-json\/wp\/v2\/comments?post=215"}],"version-history":[{"count":12,"href":"https:\/\/terisoultanis.com\/index.php\/wp-json\/wp\/v2\/pages\/215\/revisions"}],"predecessor-version":[{"id":305,"href":"https:\/\/terisoultanis.com\/index.php\/wp-json\/wp\/v2\/pages\/215\/revisions\/305"}],"wp:attachment":[{"href":"https:\/\/terisoultanis.com\/index.php\/wp-json\/wp\/v2\/media?parent=215"}],"curies":[{"name":"wp","href":"https:\/\/api.w.org\/{rel}","templated":true}]}}